{"id":27328,"date":"2025-02-25T12:48:00","date_gmt":"2025-02-25T10:48:00","guid":{"rendered":"https:\/\/jigzy.eu\/?page_id=27328"},"modified":"2025-03-13T00:06:54","modified_gmt":"2025-03-12T22:06:54","slug":"kontaktai","status":"publish","type":"page","link":"https:\/\/jigzy.eu\/en\/kontaktai\/","title":{"rendered":"Contacts"},"content":{"rendered":"<div data-elementor-type=\"wp-page\" data-elementor-id=\"27328\" class=\"elementor elementor-27328\">\n\t\t\t\t<div class=\"elementor-element elementor-element-6cf89f4 thegem-e-con-layout-thegem e-flex e-con-boxed e-con e-parent\" data-id=\"6cf89f4\" data-element_type=\"container\" data-e-type=\"container\" data-settings=\"{&quot;background_background&quot;:&quot;classic&quot;,&quot;thegem_container_layout&quot;:&quot;thegem&quot;}\">\r\n\t\t\t\t\t<div class=\"e-con-inner\">\r\n\t\t<div class=\"elementor-element elementor-element-5b0eece e-con-full thegem-e-con-layout-thegem e-flex e-con e-child\" data-id=\"5b0eece\" data-element_type=\"container\" data-e-type=\"container\" data-settings=\"{&quot;thegem_container_layout&quot;:&quot;thegem&quot;}\">\r\n\t\t\t\t<div class=\"elementor-element elementor-element-8d00f07 flex-horizontal-align-default flex-horizontal-align-tablet-default flex-horizontal-align-mobile-default flex-vertical-align-default flex-vertical-align-tablet-default flex-vertical-align-mobile-default elementor-widget elementor-widget-text-editor\" data-id=\"8d00f07\" data-element_type=\"widget\" data-e-type=\"widget\" data-widget_type=\"text-editor.default\">\n\t\t\t\t<div class=\"elementor-widget-container\">\n\t\t\t\t\t\t\t\t\t\t\t\t<div class=\"elementor-text-editor elementor-clearfix\">\r\n\t\t\t\t\t\t<ul><li style=\"list-style-type: none;\"><ul><li data-start=\"180\" data-end=\"227\"><h5><span style=\"color: #808080;\"><strong data-start=\"182\" data-end=\"196\">E-mail<\/strong> : info@Jigzy.eu<\/span><\/h5><\/li><li data-start=\"228\" data-end=\"259\"><h5><span style=\"color: #808080;\"><strong data-start=\"230\" data-end=\"243\">Phone (Lithuanian)<\/strong> +37064811221<\/span><\/h5><\/li><li data-start=\"260\" data-end=\"310\"><h5 class=\"translation-block\"><span style=\"color: #808080\"><strong data-start=\"262\" data-end=\"273\">Address: <\/strong>Our studio is located in Vilnius, but it is dedicated solely to design and production. We do not offer in-person sales or item pick-up \u2013 all orders are shipped to the address you provide.<\/span><\/h5><\/li><\/ul><\/li><\/ul>\t\t\t\t\t\t\t<\/div>\r\n\t\t\t\t\t\t\t\t\t\t<\/div>\n\t\t\t\t<\/div>\n\t\t\t\t<\/div>\n\t\t<div class=\"elementor-element elementor-element-0394d86 e-con-full thegem-e-con-layout-thegem e-flex e-con e-child\" data-id=\"0394d86\" data-element_type=\"container\" data-e-type=\"container\" data-settings=\"{&quot;thegem_container_layout&quot;:&quot;thegem&quot;}\">\r\n\t\t\t\t<div class=\"elementor-element elementor-element-ea022b5 flex-horizontal-align-default flex-horizontal-align-tablet-default flex-horizontal-align-mobile-default flex-vertical-align-default flex-vertical-align-tablet-default flex-vertical-align-mobile-default elementor-widget elementor-widget-text-editor\" data-id=\"ea022b5\" data-element_type=\"widget\" data-e-type=\"widget\" data-widget_type=\"text-editor.default\">\n\t\t\t\t<div class=\"elementor-widget-container\">\n\t\t\t\t\t\t\t\t\t\t\t\t<div class=\"elementor-text-editor elementor-clearfix\">\r\n\t\t\t\t\t\t<ul><li style=\"list-style-type: none;\"><ul><li data-start=\"180\" data-end=\"227\"><h5 class=\"translation-block\"><span style=\"color: #808080\">The activity is conducted under a sole proprietorship <span style=\"color: #333333\">No. 1404600<\/span><\/span><\/h5><\/li><li data-start=\"228\" data-end=\"259\"><h5><span style=\"color: #808080;\"><span style=\"color: #333333;\">Owner:<\/span> Danielius Masiulis<\/span><\/h5><\/li><\/ul><\/li><\/ul>\t\t\t\t\t\t\t<\/div>\r\n\t\t\t\t\t\t\t\t\t\t<\/div>\n\t\t\t\t<\/div>\n\t\t\t\t<\/div>\n\t\t\t\t\t<\/div>\n\t\t\t\t<\/div>\n\t\t<div class=\"elementor-element elementor-element-322ff2a thegem-e-con-layout-thegem e-flex e-con-boxed e-con e-parent\" data-id=\"322ff2a\" data-element_type=\"container\" data-e-type=\"container\" data-settings=\"{&quot;thegem_container_layout&quot;:&quot;thegem&quot;}\">\r\n\t\t\t\t\t<div class=\"e-con-inner\">\r\n\t\t\t\t<div class=\"elementor-element elementor-element-0987497 flex-horizontal-align-default flex-horizontal-align-tablet-default flex-horizontal-align-mobile-default flex-vertical-align-default flex-vertical-align-tablet-default flex-vertical-align-mobile-default elementor-widget elementor-widget-heading\" data-id=\"0987497\" data-element_type=\"widget\" data-e-type=\"widget\" data-widget_type=\"heading.default\">\n\t\t\t\t<div class=\"elementor-widget-container\">\n\t\t\t\t\t<h2 class=\"elementor-heading-title elementor-size-default\">Write to us<\/h2>\t\t\t\t<\/div>\n\t\t\t\t<\/div>\n\t\t\t\t\t<\/div>\n\t\t\t\t<\/div>\n\t\t<div class=\"elementor-element elementor-element-6ef00c0 thegem-e-con-layout-thegem e-flex e-con-boxed e-con e-parent\" data-id=\"6ef00c0\" data-element_type=\"container\" data-e-type=\"container\" data-settings=\"{&quot;thegem_container_layout&quot;:&quot;thegem&quot;}\">\r\n\t\t\t\t\t<div class=\"e-con-inner\">\r\n\t\t\t\t<div class=\"elementor-element elementor-element-4a89d84 flex-horizontal-align-default flex-horizontal-align-tablet-default flex-horizontal-align-mobile-default flex-vertical-align-default flex-vertical-align-tablet-default flex-vertical-align-mobile-default elementor-widget elementor-widget-thegem-contact-form7\" data-id=\"4a89d84\" data-element_type=\"widget\" data-e-type=\"widget\" data-settings=\"{&quot;thegem_elementor_preset&quot;:&quot;default&quot;}\" data-widget_type=\"thegem-contact-form7.default\">\n\t\t\t\t<div class=\"elementor-widget-container\">\n\t\t\t\t\t\n<div class=\"wpcf7 no-js\" id=\"wpcf7-f27770-o1\" lang=\"lt-LT\" dir=\"ltr\" data-wpcf7-id=\"27770\">\n<div class=\"screen-reader-response\"><p role=\"status\" aria-live=\"polite\" aria-atomic=\"true\"><\/p> <ul><\/ul><\/div>\n<form action=\"\/en\/wp-json\/wp\/v2\/pages\/27328#wpcf7-f27770-o1\" method=\"post\" class=\"wpcf7-form init thegem-cf7 form-4a89d84 label-top\" aria-label=\"Kontakt\u0173 forma\" novalidate=\"novalidate\" data-status=\"init\" data-trp-original-action=\"\/en\/wp-json\/wp\/v2\/pages\/27328#wpcf7-f27770-o1\">\n<fieldset class=\"hidden-fields-container\"><legend class=\"screen-reader-text\">Hidden fields<\/legend><input type=\"hidden\" name=\"_wpcf7\" value=\"27770\" \/><input type=\"hidden\" name=\"_wpcf7_version\" value=\"6.1.5\" \/><input type=\"hidden\" name=\"_wpcf7_locale\" value=\"lt_LT\" \/><input type=\"hidden\" name=\"_wpcf7_unit_tag\" value=\"wpcf7-f27770-o1\" \/><input type=\"hidden\" name=\"_wpcf7_container_post\" value=\"0\" \/><input type=\"hidden\" name=\"_wpcf7_posted_data_hash\" value=\"\" \/>\n<\/fieldset>\n<label> Your name\n    <span class=\"wpcf7-form-control-wrap\" data-name=\"your-name\"><input size=\"40\" maxlength=\"400\" class=\"wpcf7-form-control wpcf7-text wpcf7-validates-as-required\" autocomplete=\"name\" aria-required=\"true\" aria-invalid=\"false\" value=\"\" type=\"text\" name=\"your-name\" \/><\/span> <\/label>\n\n<label> E-mail\n    <span class=\"wpcf7-form-control-wrap\" data-name=\"your-email\"><input size=\"40\" maxlength=\"400\" class=\"wpcf7-form-control wpcf7-email wpcf7-validates-as-required wpcf7-text wpcf7-validates-as-email\" autocomplete=\"email\" aria-required=\"true\" aria-invalid=\"false\" value=\"\" type=\"email\" name=\"your-email\" \/><\/span> <\/label>\n\n<label> Your phone number\n    <span class=\"wpcf7-form-control-wrap\" data-name=\"your-subject\"><input size=\"40\" maxlength=\"400\" class=\"wpcf7-form-control wpcf7-text wpcf7-validates-as-required\" aria-required=\"true\" aria-invalid=\"false\" value=\"\" type=\"text\" name=\"your-subject\" \/><\/span> <\/label>\n\n<label> Your Question\n    <span class=\"wpcf7-form-control-wrap\" data-name=\"your-message\"><textarea cols=\"40\" rows=\"10\" maxlength=\"2000\" class=\"wpcf7-form-control wpcf7-textarea\" aria-invalid=\"false\" name=\"your-message\"><\/textarea><\/span> <\/label>\n\n<input class=\"wpcf7-form-control wpcf7-submit has-spinner\" type=\"submit\" value=\"Send e-mail\" \/><div class=\"wpcf7-response-output\" aria-hidden=\"true\"><\/div>\n<input type=\"hidden\" name=\"trp-form-language\" value=\"en\"\/><\/form>\n<\/div>\n\t\t\t\t<\/div>\n\t\t\t\t<\/div>\n\t\t\t\t\t<\/div>\n\t\t\t\t<\/div>\n\t\t\t\t<\/div>","protected":false},"excerpt":{"rendered":"<p>El. pa\u0161tas : info@Jigzy.eu Telefonas +37064811221 Adresas:\u00a0M\u016bs\u0173 studija \u012fsik\u016brusi Vilniuje, ta\u010diau ji skirta tik projektavimui ir gamybai. Gyvos prekybos ar&#8230;<\/p>","protected":false},"author":1,"featured_media":0,"parent":0,"menu_order":0,"comment_status":"closed","ping_status":"closed","template":"page-fullwidth.php","meta":{"footnotes":""},"class_list":["post-27328","page","type-page","status-publish"],"_links":{"self":[{"href":"https:\/\/jigzy.eu\/en\/wp-json\/wp\/v2\/pages\/27328","targetHints":{"allow":["GET"]}}],"collection":[{"href":"https:\/\/jigzy.eu\/en\/wp-json\/wp\/v2\/pages"}],"about":[{"href":"https:\/\/jigzy.eu\/en\/wp-json\/wp\/v2\/types\/page"}],"author":[{"embeddable":true,"href":"https:\/\/jigzy.eu\/en\/wp-json\/wp\/v2\/users\/1"}],"replies":[{"embeddable":true,"href":"https:\/\/jigzy.eu\/en\/wp-json\/wp\/v2\/comments?post=27328"}],"version-history":[{"count":77,"href":"https:\/\/jigzy.eu\/en\/wp-json\/wp\/v2\/pages\/27328\/revisions"}],"predecessor-version":[{"id":27817,"href":"https:\/\/jigzy.eu\/en\/wp-json\/wp\/v2\/pages\/27328\/revisions\/27817"}],"wp:attachment":[{"href":"https:\/\/jigzy.eu\/en\/wp-json\/wp\/v2\/media?parent=27328"}],"curies":[{"name":"wp","href":"https:\/\/api.w.org\/{rel}","templated":true}]}}