{"id":28122,"date":"2025-03-13T16:23:24","date_gmt":"2025-03-13T14:23:24","guid":{"rendered":"https:\/\/jigzy.eu\/?page_id=28122"},"modified":"2025-03-13T16:42:52","modified_gmt":"2025-03-13T14:42:52","slug":"unikalaus-dzigzio-kurimo-ir-pirkimo-nuostatos","status":"publish","type":"page","link":"https:\/\/jigzy.eu\/en\/unikalaus-dzigzio-kurimo-ir-pirkimo-nuostatos\/","title":{"rendered":"Unikalaus D\u017eigzio k\u016brimo ir pirkimo nuostatos"},"content":{"rendered":"<div data-elementor-type=\"wp-page\" data-elementor-id=\"28122\" class=\"elementor elementor-28122\">\n\t\t\t\t<div class=\"elementor-element elementor-element-047f558 thegem-e-con-layout-thegem e-flex e-con-boxed e-con e-parent\" data-id=\"047f558\" data-element_type=\"container\" data-e-type=\"container\" data-settings=\"{&quot;thegem_container_layout&quot;:&quot;thegem&quot;}\">\r\n\t\t\t\t\t<div class=\"e-con-inner\">\r\n\t\t\t\t<div class=\"elementor-element elementor-element-04e8870 flex-horizontal-align-default flex-horizontal-align-tablet-default flex-horizontal-align-mobile-default flex-vertical-align-default flex-vertical-align-tablet-default flex-vertical-align-mobile-default elementor-widget elementor-widget-heading\" data-id=\"04e8870\" data-element_type=\"widget\" data-e-type=\"widget\" data-widget_type=\"heading.default\">\n\t\t\t\t<div class=\"elementor-widget-container\">\n\t\t\t\t\t<h2 class=\"elementor-heading-title elementor-size-default\">Unikalaus d\u017eigzio k\u016brimo,pirkimo ir pardavimo nuostatos<\/h2>\t\t\t\t<\/div>\n\t\t\t\t<\/div>\n\t\t\t\t\t<\/div>\n\t\t\t\t<\/div>\n\t\t<div class=\"elementor-element elementor-element-0bbb951 thegem-e-con-layout-thegem e-flex e-con-boxed e-con e-parent\" data-id=\"0bbb951\" data-element_type=\"container\" data-e-type=\"container\" data-settings=\"{&quot;thegem_container_layout&quot;:&quot;thegem&quot;}\">\r\n\t\t\t\t\t<div class=\"e-con-inner\">\r\n\t\t\t\t<div class=\"elementor-element elementor-element-b5ad1db flex-horizontal-align-default flex-horizontal-align-tablet-default flex-horizontal-align-mobile-default flex-vertical-align-default flex-vertical-align-tablet-default flex-vertical-align-mobile-default elementor-widget elementor-widget-text-editor\" data-id=\"b5ad1db\" data-element_type=\"widget\" data-e-type=\"widget\" data-widget_type=\"text-editor.default\">\n\t\t\t\t<div class=\"elementor-widget-container\">\n\t\t\t\t\t\t\t\t\t\t\t\t<div class=\"elementor-text-editor elementor-clearfix\">\r\n\t\t\t\t\t\t<h5><b>\u017daislo (D\u017eigzio) MAKETO REIKALAVIMAI<\/b><\/h5><ul data-start=\"85\" data-end=\"1041\"><li data-start=\"85\" data-end=\"186\" class=\"translation-block\">A Jigzy can have no more than four colors. If more colors are provided, we\u2019ll select the four dominant ones and use only those.<\/li><li data-start=\"268\" data-end=\"376\"><strong data-start=\"270\" data-end=\"318\">Visos D\u017eigzio dalys turi liestis tarpusavyje<\/strong>\u00a0\u2013 jis negali b\u016bti sudarytas i\u0161 keli\u0173\u00a0<strong data-start=\"356\" data-end=\"373\">atskir\u0173 dali\u0173<\/strong>.<\/li><li data-start=\"377\" data-end=\"567\"><strong data-start=\"379\" data-end=\"412\">D\u017eigzis tur\u0117s judan\u010dias dalis<\/strong>, tokias kaip\u00a0<span data-start=\"426\" data-end=\"472\">galva, rankos, kojos, uodega ir kitos k\u016bno dalys<\/span>, ta\u010diau jungimo viet\u0173 ar jungimo mechenizm\u0173\u00a0<strong data-start=\"484\" data-end=\"503\">pie\u0161ti neb\u016btina<\/strong>\u00a0\u2013 mes jas sukursime pagal\u00a0<span data-start=\"530\" data-end=\"564\">maket\u0105 ir technines galimybes<\/span>.<\/li><li data-start=\"568\" data-end=\"823\"><strong data-start=\"570\" data-end=\"624\">D\u017eigzio atvaizd\u0105 galite pateikti \u012fvairiais b\u016bdais:<\/strong><br \/><ul data-start=\"629\" data-end=\"823\"><li data-start=\"629\" data-end=\"678\"><span data-start=\"631\" data-end=\"676\">Nuskenuotas arba nufotografuotas pie\u0161inys.<\/span><\/li><li data-start=\"681\" data-end=\"729\"><span data-start=\"683\" data-end=\"727\">Plastilino ar molio skulpt\u016bros nuotrauka.<\/span><\/li><li data-start=\"732\" data-end=\"823\"><span data-start=\"734\" data-end=\"755\">Detalus apra\u0161ymas<\/span>\u00a0lietuvi\u0173 arba angl\u0173 kalbomis su\u00a0<span data-start=\"788\" data-end=\"820\">spalvomis, motyvais ir id\u0117ja<\/span>.<\/li><\/ul><\/li><li><p data-start=\"126\" data-end=\"356\"><b>SVARBU: <\/b>Pateikdami pie\u0161in\u012f ar nuotrauk\u0105, suteikiate mums teis\u0119 sukurti 3D model\u012f pagal j\u016bs\u0173 k\u016brin\u012f. M\u016bs\u0173 sukurtas modelis tampa m\u016bs\u0173 nuosavybe, o atrinktus D\u017eigzius galime paversti ma\u017eesn\u0117mis j\u0173 versijomis \u2013\u00a0<strong data-start=\"1429\" data-end=\"1444\">Ki\u0161eniukais<\/strong>\u00a0\u2013 ir \u012fkelti \u012f svetain\u0119 pardavimui. Tai vienintelis b\u016bdas i\u0161laikyti prieinam\u0105 kain\u0105 gaminant unikalius D\u017eigzius. Jei kiekvien\u0105 model\u012f gamintume tik vienam klientui, jo kaina b\u016bt\u0173 bent penkis kartus didesn\u0117.<\/p><\/li><\/ul>\t\t\t\t\t\t\t<\/div>\r\n\t\t\t\t\t\t\t\t\t\t<\/div>\n\t\t\t\t<\/div>\n\t\t\t\t\t<\/div>\n\t\t\t\t<\/div>\n\t\t<div class=\"elementor-element elementor-element-07d2414 thegem-e-con-layout-thegem e-flex e-con-boxed e-con e-parent\" data-id=\"07d2414\" data-element_type=\"container\" data-e-type=\"container\" data-settings=\"{&quot;thegem_container_layout&quot;:&quot;thegem&quot;}\">\r\n\t\t\t\t\t<div class=\"e-con-inner\">\r\n\t\t\t\t<div class=\"elementor-element elementor-element-7a1d9e1 flex-horizontal-align-default flex-horizontal-align-tablet-default flex-horizontal-align-mobile-default flex-vertical-align-default flex-vertical-align-tablet-default flex-vertical-align-mobile-default elementor-widget elementor-widget-text-editor\" data-id=\"7a1d9e1\" data-element_type=\"widget\" data-e-type=\"widget\" data-widget_type=\"text-editor.default\">\n\t\t\t\t<div class=\"elementor-widget-container\">\n\t\t\t\t\t\t\t\t\t\t\t\t<div class=\"elementor-text-editor elementor-clearfix\">\r\n\t\t\t\t\t\t<h5><b>Gamybos procesas ir apribojimai<\/b><\/h5><ul data-start=\"85\" data-end=\"1041\"><li data-start=\"85\" data-end=\"186\"><b>D\u017eigzio spalvos <\/b>gali ir da\u017eniausiai skirsis savo atspalviu nuo pateikt\u0173 spalv\u0173 j\u016bs\u0173 makete. Spausdinimui galime naudoti tik konkre\u010dius atspalvius ir j\u0173 mai\u0161yti negalime, tod\u0117l spalv\u0173 atspalvi\u0173 kiekis yra ribotas.<\/li><li data-start=\"824\" data-end=\"1041\"><strong data-start=\"826\" data-end=\"896\">Galutinis D\u017eigzis gali \u0161iek tiek skirtis nuo j\u016bs\u0173 pateikto maketo.<\/strong>\u00a0Kartais reikia keisti tam tikras dalis, kad\u00a0<strong data-start=\"941\" data-end=\"986\">D\u017eigzis b\u016bt\u0173 tvirtesnis ar geriau jud\u0117t\u0173.<\/strong>\u00a0Visada stengsim\u0117s kuo tiksliau atkartoti j\u016bs\u0173 id\u0117j\u0105.<\/li><li data-start=\"824\" data-end=\"1041\"><b>Galime pagaminti bet kok\u012f D\u017eigz\u012f<\/b>, tol, kol nekopijuojame kit\u0173 autori\u0173 populiari\u0173 k\u016brini\u0173. Tai rei\u0161kia, kad negalime gaminti, pavyzd\u017eiui, V\u0117\u017eliuk\u0173 nindzi\u0173, Pokemon\u0173 ar Lego Nindziag\u0173 kopij\u0173 \u2013 tai pa\u017eeist\u0173 k\u016br\u0117j\u0173 autorines teises. Ta\u010diau galime kurti garsiems persona\u017eams \u012fkv\u0117ptas adaptacijas! Jei norite, pavyzd\u017eiui, D\u017eigzio, primenan\u010dio Har\u012f Poter\u012f, mes negalime jo vadinti tuo vardu ar pie\u0161ti \u017eaibo rand\u0105 ant kaktos. Ta\u010diau galime sukurti j\u016bs\u0173 unikali\u0105 vizij\u0105 \u2013 berniuk\u0105 su apsiaustu, \u0161luota ar burt\u0173 lazdele, tok\u012f, kok\u012f \u012fsivaizduojate patys. Tad <b>dr\u0105siai leiskite savo k\u016brybai klajoti<\/b>, o ne si\u0173skite jau egzistuojan\u010di\u0173 \u017eaisl\u0173 nuotraukas.<\/li><li data-start=\"824\" data-end=\"1041\"><span style=\"text-align: var(--text-align);\">Visi D\u017eigziai yra 3D spausdinami, tod\u0117l viena j\u0173 pus\u0117 (da\u017eniausiai\u00a0<span style=\"font-weight: bold;\">nugara arba pilvas<\/span>) turi b\u016bti\u00a0<span style=\"font-weight: bold;\">plok\u0161\u010dia<\/span>\u00a0\u2013 tai b\u016btina d\u0117l spausdinimo ypatum\u0173. Spausdinti nuo koj\u0173 auk\u0161tyn ar nuo galvos \u017eemyn negalime, nes tai trukdyt\u0173 D\u017eigzio veikimo mechanizmui. Kuriant maket\u0105 galite nurodyti kuri dalis gali b\u016bti plok\u0161\u010dia (nugara ar pilvas), nepamin\u0117jus preferencij\u0173 &#8211; parinksime sava nuo\u017ei\u016bra.<\/span><\/li><\/ul>\t\t\t\t\t\t\t<\/div>\r\n\t\t\t\t\t\t\t\t\t\t<\/div>\n\t\t\t\t<\/div>\n\t\t\t\t\t<\/div>\n\t\t\t\t<\/div>\n\t\t<div class=\"elementor-element elementor-element-1ab7213 thegem-e-con-layout-thegem e-flex e-con-boxed e-con e-parent\" data-id=\"1ab7213\" data-element_type=\"container\" data-e-type=\"container\" data-settings=\"{&quot;thegem_container_layout&quot;:&quot;thegem&quot;}\">\r\n\t\t\t\t\t<div class=\"e-con-inner\">\r\n\t\t\t\t<div class=\"elementor-element elementor-element-b9ca0b8 flex-horizontal-align-default flex-horizontal-align-tablet-default flex-horizontal-align-mobile-default flex-vertical-align-default flex-vertical-align-tablet-default flex-vertical-align-mobile-default elementor-widget elementor-widget-text-editor\" data-id=\"b9ca0b8\" data-element_type=\"widget\" data-e-type=\"widget\" data-widget_type=\"text-editor.default\">\n\t\t\t\t<div class=\"elementor-widget-container\">\n\t\t\t\t\t\t\t\t\t\t\t\t<div class=\"elementor-text-editor elementor-clearfix\">\r\n\t\t\t\t\t\t<h5><b>Pristatymo ir gr\u0105\u017einimo nuostatos<\/b><\/h5><h6 data-start=\"41\" data-end=\"63\"><strong data-start=\"46\" data-end=\"61\">Pristatymas<\/strong><\/h6><ul><li data-start=\"64\" data-end=\"466\">U\u017esakymus i\u0161siun\u010diame per <b>14 darbo dien\u0173<\/b>\u00a0nuo apmok\u0117jimo gavimo.<\/li><li data-start=\"64\" data-end=\"466\">Pristatymo laikas priklauso nuo pasirinktos kurjeri\u0173 tarnybos ir gav\u0117jo vietos.<\/li><li data-start=\"64\" data-end=\"466\">U\u017e pristatymo v\u0117lavimus, atsiradusius d\u0117l tre\u010di\u0173j\u0173 \u0161ali\u0173 (pvz., kurjeri\u0173 tarnyb\u0173 veiklos sutrikim\u0173), neatsakome.<\/li><li data-start=\"64\" data-end=\"466\">U\u017esakymai siun\u010diami kruop\u0161\u010diai supakuoti, siekiant u\u017etikrinti gaminio saugum\u0105 transportavimo metu.<\/li><\/ul><h6 data-start=\"468\" data-end=\"501\"><strong data-start=\"473\" data-end=\"499\">Gr\u0105\u017einimai ir keitimai<\/strong><\/h6><p data-start=\"502\" data-end=\"729\"><strong data-start=\"505\" data-end=\"541\">Unikal\u016bs ir rank\u0173 darbo k\u016briniai<\/strong><br data-start=\"541\" data-end=\"544\" \/>Visi d\u017eigziai yra unikal\u016bs meno k\u016briniai, tod\u0117l j\u0173 strukt\u016bra, spalvos ir i\u0161vaizda gali \u0161iek tiek skirtis nuo maketo ar nuotrauk\u0173. D\u0117l \u0161ios prie\u017easties gr\u0105\u017einim\u0173 ar keitim\u0173 nepriimame.<\/p><p data-start=\"731\" data-end=\"999\"><strong data-start=\"734\" data-end=\"760\">Defektai ar pa\u017eeidimai<\/strong><br data-start=\"760\" data-end=\"763\" \/>Jei gavote pa\u017eeist\u0105 ar gamybos brok\u0105 turint\u012f d\u017eigz\u012f, susisiekite su mumis per <strong data-start=\"841\" data-end=\"864\">14 dien\u0173 nuo gavimo<\/strong>, prid\u0117dami nuotraukas ir i\u0161sami\u0105 problemos apra\u0161ym\u0105. Esant pagr\u012fstam atvejui, pasi\u016blysime sprendim\u0105 \u2013 keitim\u0105 arba kit\u0105 alternatyv\u0105.<\/p><p data-start=\"1001\" data-end=\"1202\"><strong data-start=\"1004\" data-end=\"1036\">Kaip prane\u0161ti apie problem\u0105?<\/strong><br data-start=\"1036\" data-end=\"1039\" \/>Para\u0161ykite mums el. pa\u0161tu <strong data-start=\"1065\" data-end=\"1087\">info@jigzy.eu<\/strong>\u00a0arba susisiekite per m\u016bs\u0173 svetain\u0117s kontakt\u0173 form\u0105, nurodydami u\u017esakymo numer\u012f ir i\u0161samiai apra\u0161ydami situacij\u0105.<\/p><h6 data-start=\"1204\" data-end=\"1236\"><strong data-start=\"1209\" data-end=\"1234\">Papildoma informacija<\/strong><\/h6><p data-start=\"1237\" data-end=\"1475\">\ud83d\udce6 U\u017etikriname, kad visi gaminiai prie\u0161 i\u0161siuntim\u0105 kruop\u0161\u010diai patikrinami ir pakuojami, siekiant i\u0161vengti pa\u017eeidim\u0173 transportavimo metu.<br data-start=\"1373\" data-end=\"1376\" \/>\ud83d\udca1 Jei turite klausim\u0173 d\u0117l pristatymo ar u\u017esakymo b\u016bkl\u0117s, susisiekite su mumis \u2013 mielai pad\u0117sime!<\/p>\t\t\t\t\t\t\t<\/div>\r\n\t\t\t\t\t\t\t\t\t\t<\/div>\n\t\t\t\t<\/div>\n\t\t\t\t\t<\/div>\n\t\t\t\t<\/div>\n\t\t<div class=\"elementor-element elementor-element-b2901d9 thegem-e-con-layout-thegem e-flex e-con-boxed e-con e-parent\" data-id=\"b2901d9\" data-element_type=\"container\" data-e-type=\"container\" data-settings=\"{&quot;thegem_container_layout&quot;:&quot;thegem&quot;}\">\r\n\t\t\t\t\t<div class=\"e-con-inner\">\r\n\t\t\t\t<div class=\"elementor-element elementor-element-3f895fe flex-horizontal-align-default flex-horizontal-align-tablet-default flex-horizontal-align-mobile-default flex-vertical-align-default flex-vertical-align-tablet-default flex-vertical-align-mobile-default elementor-widget elementor-widget-text-editor\" data-id=\"3f895fe\" data-element_type=\"widget\" data-e-type=\"widget\" data-widget_type=\"text-editor.default\">\n\t\t\t\t<div class=\"elementor-widget-container\">\n\t\t\t\t\t\t\t\t\t\t\t\t<div class=\"elementor-text-editor elementor-clearfix\">\r\n\t\t\t\t\t\t<h5><strong data-start=\"141\" data-end=\"186\">PRIE\u017dI\u016aROS IR NAUDOJIMO REKOMENDACIJOS<\/strong><\/h5>\n<h6><strong data-start=\"192\" data-end=\"219\">Kaip elgtis su D\u017eigziu?<\/strong><\/h6>\n<ul>\n<li>D\u017eigziai yra lankst\u016bs ir judr\u016bs, ta\u010diau per didel\u0117 j\u0117ga gali pa\u017eeisti jungtis. Sukin\u0117kite dalis \u0161velniai.<\/li>\n<li>Venkite ilgalaikio kaitinimo (pvz., tiesiogini\u0173 saul\u0117s spinduli\u0173 ar kar\u0161t\u0173 pavir\u0161i\u0173), nes plastikas gali deformuotis.<\/li>\n<li>Nul\u016b\u017eus \u017eaislo daliai ar jung\u010diai galima visk\u0105 lengvai ir tvirtai suklijuoti atgal \u012f viet\u0105 naudojant momentinius klijus.<\/li>\n<\/ul>\n<h6><strong data-start=\"588\" data-end=\"612\">Valymas ir prie\u017ei\u016bra<\/strong><\/h6>\n<ul>\n<li data-start=\"585\" data-end=\"833\">Jei D\u017eigzis susitep\u0117, valykite j\u012f mink\u0161ta \u0161luoste arba vata su trupu\u010diu vandens. Stipri\u0173 chemikal\u0173 nenaudokite \u2013 jie gali sugadinti pavir\u0161i\u0173.<\/li><li data-start=\"585\" data-end=\"833\">Dulkes lengvai pa\u0161alinsite mink\u0161tu teptuku arba suspausto oro srove.<\/li>\n<\/ul>\t\t\t\t\t\t\t<\/div>\r\n\t\t\t\t\t\t\t\t\t\t<\/div>\n\t\t\t\t<\/div>\n\t\t\t\t\t<\/div>\n\t\t\t\t<\/div>\n\t\t\t\t<\/div>","protected":false},"excerpt":{"rendered":"<p>Unikalaus d\u017eigzio k\u016brimo,pirkimo ir pardavimo nuostatos \u017daislo (D\u017eigzio) MAKETO REIKALAVIMAI D\u017eigzis gali tur\u0117ti ne daugiau kaip keturias spalvas.\u00a0Esant didesniam spalv\u0173&#8230;<\/p>","protected":false},"author":1,"featured_media":28028,"parent":0,"menu_order":0,"comment_status":"closed","ping_status":"closed","template":"page-fullwidth.php","meta":{"footnotes":""},"class_list":["post-28122","page","type-page","status-publish","has-post-thumbnail"],"_links":{"self":[{"href":"https:\/\/jigzy.eu\/en\/wp-json\/wp\/v2\/pages\/28122","targetHints":{"allow":["GET"]}}],"collection":[{"href":"https:\/\/jigzy.eu\/en\/wp-json\/wp\/v2\/pages"}],"about":[{"href":"https:\/\/jigzy.eu\/en\/wp-json\/wp\/v2\/types\/page"}],"author":[{"embeddable":true,"href":"https:\/\/jigzy.eu\/en\/wp-json\/wp\/v2\/users\/1"}],"replies":[{"embeddable":true,"href":"https:\/\/jigzy.eu\/en\/wp-json\/wp\/v2\/comments?post=28122"}],"version-history":[{"count":10,"href":"https:\/\/jigzy.eu\/en\/wp-json\/wp\/v2\/pages\/28122\/revisions"}],"predecessor-version":[{"id":28134,"href":"https:\/\/jigzy.eu\/en\/wp-json\/wp\/v2\/pages\/28122\/revisions\/28134"}],"wp:featuredmedia":[{"embeddable":true,"href":"https:\/\/jigzy.eu\/en\/wp-json\/wp\/v2\/media\/28028"}],"wp:attachment":[{"href":"https:\/\/jigzy.eu\/en\/wp-json\/wp\/v2\/media?parent=28122"}],"curies":[{"name":"wp","href":"https:\/\/api.w.org\/{rel}","templated":true}]}}