{"id":37,"date":"2016-01-13T10:00:15","date_gmt":"2016-01-13T10:00:15","guid":{"rendered":"https:\/\/democontent.codex-themes.com\/sites-elementor-v5\/shop-masonry\/index.php\/my-account\/"},"modified":"2025-03-05T21:25:38","modified_gmt":"2025-03-05T19:25:38","slug":"my-account","status":"publish","type":"page","link":"https:\/\/jigzy.eu\/en\/my-account\/","title":{"rendered":"Mano paskyra"},"content":{"rendered":"<div class=\"woocommerce\"><div class=\"woocommerce-notices-wrapper\"><\/div>\r\n\r\n<div class=\"row woocommerce-account-modern\" id=\"customer_details\">\r\n\t<div class=\"col-sm-6 col-xs-12 checkout-login\">\r\n\t\t<h2><span class=\"light\" data-no-translation=\"\" data-trp-gettext=\"\">Login<\/span><\/h2>\r\n\r\n\t\t<form class=\"woocommerce-form woocommerce-form-login login\" method=\"post\" novalidate action=\"\">\r\n\r\n\t\t\t\r\n\t\t\t<p class=\"woocommerce-form-row woocommerce-form-row--wide form-row form-row-wide\">\r\n\t\t\t\t<label for=\"username\">Username or email address&nbsp;<span class=\"required\" aria-hidden=\"true\">*<\/span><span class=\"screen-reader-text\" data-no-translation=\"\" data-trp-gettext=\"\">Required<\/span><\/label>\r\n\t\t\t\t<input type=\"text\" class=\"woocommerce-Input woocommerce-Input--text input-text\" name=\"username\" id=\"username\" autocomplete=\"username\" value=\"\" required aria-required=\"true\" \/>\t\t\t<\/p>\r\n\t\t\t<p class=\"woocommerce-form-row woocommerce-form-row--wide form-row form-row-wide\">\r\n\t\t\t\t<label for=\"password\">Password&nbsp;<span class=\"required\" aria-hidden=\"true\">*<\/span><span class=\"screen-reader-text\" data-no-translation=\"\" data-trp-gettext=\"\">Required<\/span><\/label>\r\n\t\t\t\t<input class=\"woocommerce-Input woocommerce-Input--text input-text\" type=\"password\" name=\"password\" id=\"password\" autocomplete=\"current-password\" required aria-required=\"true\" \/>\r\n\t\t\t<\/p>\r\n\r\n\t\t\t\r\n\t\t\t<div class=\"form-row inline\">\r\n\t\t\t\t<input type=\"hidden\" id=\"woocommerce-login-nonce\" name=\"woocommerce-login-nonce\" value=\"320f191e3b\" \/><input type=\"hidden\" name=\"_wp_http_referer\" value=\"\/en\/wp-json\/wp\/v2\/pages\/37\" \/>\t\t\t\t<div class=\"gem-button-container gem-button-position-inline checkout-login-button\"><button class=\"gem-button gem-button-size-small gem-button-style-outline gem-button-text-weight-normal gem-button-border-2\" style=\"border-radius: 3px;\" onmouseleave=\"\" onmouseenter=\"\" type=\"submit\" name=\"login\" value=\"Login\" data-no-translation=\"\" data-trp-gettext=\"\" data-no-translation-value=\"\">Login<\/button><\/div> \t\t\t\t<span class=\"checkout-login-remember\">\r\n\t\t\t\t\t<input name=\"rememberme\" type=\"checkbox\" id=\"rememberme\" value=\"forever\" class=\"gem-checkbox\" \/>\r\n\t\t\t\t\t<label for=\"rememberme\" class=\"inline\"> Remember me<\/label>\r\n\t\t\t\t<\/span>\r\n\t\t\t\t<p class=\"woocommerce-LostPassword lost_password\">\r\n\t\t\t\t\t<a href=\"https:\/\/jigzy.eu\/en\/my-account\/lost-password\/\" data-no-translation=\"\" data-trp-gettext=\"\">Lost your password?<\/a>\r\n\t\t\t\t<\/p>\r\n\t\t\t<\/div>\r\n\r\n\t\t\t\r\n\t\t<input type=\"hidden\" name=\"trp-form-language\" value=\"en\"\/><\/form>\r\n\t<\/div>\r\n\r\n\t\r\n\t\t<div class=\"col-sm-6 col-xs-12 my-account-signup\">\r\n\r\n\t\t\t<h2><span class=\"light\" data-no-translation=\"\" data-trp-gettext=\"\">Register<\/span><\/h2>\r\n\r\n\t\t\t<form method=\"post\" class=\"woocommerce-form woocommerce-form-register register\" action=\"\"  >\r\n\t\t\t\t<div class=\"register-inner\">\r\n\t\t\t\t\t\r\n\t\t\t\t\t\r\n\t\t\t\t\t<p class=\"woocommerce-form-row woocommerce-form-row--wide form-row form-row-wide\">\r\n\t\t\t\t\t\t<label for=\"reg_email\">Email address&nbsp;<span class=\"required\" aria-hidden=\"true\">*<\/span><span class=\"screen-reader-text\" data-no-translation=\"\" data-trp-gettext=\"\">Required<\/span><\/label>\r\n\t\t\t\t<input type=\"email\" class=\"woocommerce-Input woocommerce-Input--text input-text\" name=\"email\" id=\"reg_email\" autocomplete=\"email\" value=\"\" required aria-required=\"true\" \/>\t\t\t\t\t<\/p>\r\n\r\n\t\t\t\t\t\r\n\t\t\t\t\t\t<p class=\"woocommerce-form-row woocommerce-form-row--wide form-row form-row-wide\">\r\n\t\t\t\t\t\t\t<label for=\"reg_password\">Password&nbsp;<span class=\"required\" aria-hidden=\"true\">*<\/span><span class=\"screen-reader-text\" data-no-translation=\"\" data-trp-gettext=\"\">Required<\/span><\/label>\r\n\t\t\t\t\t\t\t<input type=\"password\" class=\"woocommerce-Input woocommerce-Input--text input-text\" name=\"password\" id=\"reg_password\" autocomplete=\"new-password\" required aria-required=\"true\" \/>\r\n\t\t\t\t\t\t<\/p>\r\n\r\n\t\t\t\t\t\r\n\t\t\t\t\t<wc-order-attribution-inputs><\/wc-order-attribution-inputs><div class=\"woocommerce-privacy-policy-text\"><p>J\u016bs\u0173 asmeniniai duomenys bus naudojami patogesniam nar\u0161ymui \u0161iame tinklalapyje, paskyros valdymui bei kitoms reikm\u0117ms, kurios apra\u0161ytos m\u016bs\u0173 <a href=\"https:\/\/jigzy.eu\/en\/privatumo-politika\/\" class=\"woocommerce-privacy-policy-link\" target=\"_blank\" data-no-translation=\"\" data-trp-gettext=\"\">privacy policy<\/a>.<\/p>\n<\/div>\t\t\t\t<\/div>\r\n\r\n\t\t\t\t<div class=\"woocommerce-form-row form-row\">\r\n\t\t\t\t\t<input type=\"hidden\" id=\"woocommerce-register-nonce\" name=\"woocommerce-register-nonce\" value=\"a742aafc15\" \/><input type=\"hidden\" name=\"_wp_http_referer\" value=\"\/en\/wp-json\/wp\/v2\/pages\/37\" \/>\t\t\t\t\t<div class=\"gem-button-container gem-button-position-inline checkout-login-button\"><button class=\"gem-button gem-button-size-small gem-button-style-outline gem-button-text-weight-normal gem-button-border-2\" style=\"border-radius: 3px;\" onmouseleave=\"\" onmouseenter=\"\" type=\"submit\" name=\"register\" value=\"Register\" data-no-translation=\"\" data-trp-gettext=\"\" data-no-translation-value=\"\">Register<\/button><\/div> \t\t\t\t<\/div>\r\n\r\n\t\t\t\t\r\n\t\t\t<input type=\"hidden\" name=\"trp-form-language\" value=\"en\"\/><\/form>\r\n\r\n\t\t<\/div>\r\n\t<\/div>\r\n\r\n<\/div>\n\n\n<p><\/p>","protected":false},"excerpt":{"rendered":"","protected":false},"author":1,"featured_media":0,"parent":0,"menu_order":0,"comment_status":"closed","ping_status":"closed","template":"","meta":{"footnotes":""},"class_list":["post-37","page","type-page","status-publish"],"_links":{"self":[{"href":"https:\/\/jigzy.eu\/en\/wp-json\/wp\/v2\/pages\/37","targetHints":{"allow":["GET"]}}],"collection":[{"href":"https:\/\/jigzy.eu\/en\/wp-json\/wp\/v2\/pages"}],"about":[{"href":"https:\/\/jigzy.eu\/en\/wp-json\/wp\/v2\/types\/page"}],"author":[{"embeddable":true,"href":"https:\/\/jigzy.eu\/en\/wp-json\/wp\/v2\/users\/1"}],"replies":[{"embeddable":true,"href":"https:\/\/jigzy.eu\/en\/wp-json\/wp\/v2\/comments?post=37"}],"version-history":[{"count":2,"href":"https:\/\/jigzy.eu\/en\/wp-json\/wp\/v2\/pages\/37\/revisions"}],"predecessor-version":[{"id":27805,"href":"https:\/\/jigzy.eu\/en\/wp-json\/wp\/v2\/pages\/37\/revisions\/27805"}],"wp:attachment":[{"href":"https:\/\/jigzy.eu\/en\/wp-json\/wp\/v2\/media?parent=37"}],"curies":[{"name":"wp","href":"https:\/\/api.w.org\/{rel}","templated":true}]}}