{"id":28597,"date":"2025-12-15T16:16:36","date_gmt":"2025-12-15T14:16:36","guid":{"rendered":"https:\/\/jigzy.eu\/?post_type=product&#038;p=28597"},"modified":"2025-12-15T22:59:35","modified_gmt":"2025-12-15T20:59:35","slug":"mini-as","status":"publish","type":"product","link":"https:\/\/jigzy.eu\/en\/jigzys\/mini-as\/","title":{"rendered":"Mini a\u0161"},"content":{"rendered":"","protected":false},"excerpt":{"rendered":"<p>Paversk nuotrauk\u0105 \u012f unikali\u0105 3D fig\u016br\u0117l\u0119 \u2013 \u017eaisl\u0105, sukurt\u0105 specialiai pagal tave. Kiekviena fig\u016br\u0117l\u0117 yra individualiai modeliuojama, spausdinama ir kruop\u0161\u010diai paruo\u0161iama, kad atspind\u0117t\u0173 tavo i\u0161vaizd\u0105 ir charakter\u012f. Tai smagi, \u017eaisminga ir labai asmeni\u0161ka dovana sau ar bet kam, kam nori padovanoti ka\u017ek\u0105 ypatingo.<\/p>","protected":false},"featured_media":28570,"comment_status":"open","ping_status":"closed","template":"","meta":[],"product_brand":[],"product_cat":[195],"product_tag":[],"class_list":{"0":"post-28597","1":"product","2":"type-product","3":"status-publish","4":"has-post-thumbnail","6":"product_cat-paslaugos","8":"first","9":"instock","10":"shipping-taxable","11":"purchasable","12":"product-type-simple"},"_links":{"self":[{"href":"https:\/\/jigzy.eu\/en\/wp-json\/wp\/v2\/product\/28597","targetHints":{"allow":["GET"]}}],"collection":[{"href":"https:\/\/jigzy.eu\/en\/wp-json\/wp\/v2\/product"}],"about":[{"href":"https:\/\/jigzy.eu\/en\/wp-json\/wp\/v2\/types\/product"}],"replies":[{"embeddable":true,"href":"https:\/\/jigzy.eu\/en\/wp-json\/wp\/v2\/comments?post=28597"}],"version-history":[{"count":5,"href":"https:\/\/jigzy.eu\/en\/wp-json\/wp\/v2\/product\/28597\/revisions"}],"predecessor-version":[{"id":28603,"href":"https:\/\/jigzy.eu\/en\/wp-json\/wp\/v2\/product\/28597\/revisions\/28603"}],"wp:featuredmedia":[{"embeddable":true,"href":"https:\/\/jigzy.eu\/en\/wp-json\/wp\/v2\/media\/28570"}],"wp:attachment":[{"href":"https:\/\/jigzy.eu\/en\/wp-json\/wp\/v2\/media?parent=28597"}],"wp:term":[{"taxonomy":"product_brand","embeddable":true,"href":"https:\/\/jigzy.eu\/en\/wp-json\/wp\/v2\/product_brand?post=28597"},{"taxonomy":"product_cat","embeddable":true,"href":"https:\/\/jigzy.eu\/en\/wp-json\/wp\/v2\/product_cat?post=28597"},{"taxonomy":"product_tag","embeddable":true,"href":"https:\/\/jigzy.eu\/en\/wp-json\/wp\/v2\/product_tag?post=28597"}],"curies":[{"name":"wp","href":"https:\/\/api.w.org\/{rel}","templated":true}]}}